{"id":1084,"date":"2016-07-14T02:27:55","date_gmt":"2016-07-14T02:27:55","guid":{"rendered":"http:\/\/www.reretail.se\/?page_id=6"},"modified":"2021-12-15T21:41:21","modified_gmt":"2021-12-15T20:41:21","slug":"about","status":"publish","type":"page","link":"http:\/\/www.reretail.se\/?page_id=1084","title":{"rendered":"OM"},"content":{"rendered":"<p><div class=\"fusion-fullwidth fullwidth-box fusion-builder-row-1 fusion-flex-container nonhundred-percent-fullwidth non-hundred-percent-height-scrolling\" style=\"background-color: rgba(255,255,255,0);background-position: left top;background-repeat: no-repeat;border-width: 0px 0px 0px 0px;border-color:#eae9e9;border-style:solid;\" ><div class=\"fusion-builder-row fusion-row fusion-flex-align-items-center\" style=\"max-width:1216.8px;margin-left: calc(-4% \/ 2 );margin-right: calc(-4% \/ 2 );\"><div class=\"fusion-layout-column fusion_builder_column fusion-builder-column-0 fusion_builder_column_1_2 1_2 fusion-flex-column\"><div class=\"fusion-column-wrapper fusion-flex-justify-content-center fusion-content-layout-column\" style=\"background-position:left top;background-repeat:no-repeat;-webkit-background-size:cover;-moz-background-size:cover;-o-background-size:cover;background-size:cover;padding: 0px 0px 0px 0px;\"><div class=\" md-text-align-center\" style=\"text-align:right;\"><span class=\" fusion-imageframe imageframe-none imageframe-1 hover-type-none\"><img width=\"750\" height=\"750\" title=\"Robert Kos 750x750px\" src=\"http:\/\/www.reretail.se\/wp-content\/uploads\/2021\/10\/Robert-Kos-750x750px.jpg\" class=\"img-responsive wp-image-1424\" srcset=\"http:\/\/www.reretail.se\/wp-content\/uploads\/2021\/10\/Robert-Kos-750x750px-200x200.jpg 200w, http:\/\/www.reretail.se\/wp-content\/uploads\/2021\/10\/Robert-Kos-750x750px-400x400.jpg 400w, http:\/\/www.reretail.se\/wp-content\/uploads\/2021\/10\/Robert-Kos-750x750px-600x600.jpg 600w, http:\/\/www.reretail.se\/wp-content\/uploads\/2021\/10\/Robert-Kos-750x750px.jpg 750w\" sizes=\"(max-width: 1024px) 100vw, (max-width: 640px) 100vw, 600px\" \/><\/span><\/div><\/div><style type=\"text\/css\">.fusion-body .fusion-builder-column-0{width:50% !important;margin-top : 0px;margin-bottom : 0px;}.fusion-builder-column-0 > .fusion-column-wrapper {padding-top : 0px !important;padding-right : 0px !important;margin-right : 3.84%;padding-bottom : 0px !important;padding-left : 0px !important;margin-left : 3.84%;}@media only screen and (max-width:1024px) {.fusion-body .fusion-builder-column-0{width:100% !important;}.fusion-builder-column-0 > .fusion-column-wrapper {margin-right : 1.92%;margin-left : 1.92%;}}@media only screen and (max-width:640px) {.fusion-body .fusion-builder-column-0{width:100% !important;}.fusion-builder-column-0 > .fusion-column-wrapper {margin-right : 1.92%;margin-left : 1.92%;}}<\/style><\/div><div class=\"fusion-layout-column fusion_builder_column fusion-builder-column-1 fusion_builder_column_1_2 1_2 fusion-flex-column\"><div class=\"fusion-column-wrapper fusion-flex-justify-content-center fusion-content-layout-column\" style=\"background-position:left top;background-repeat:no-repeat;-webkit-background-size:cover;-moz-background-size:cover;-o-background-size:cover;background-size:cover;padding: 0px 0px 0px 0px;\"><div class=\"fusion-text fusion-text-1\" style=\"color:#000000;font-family:&quot;Arimo&quot;;font-weight:400;\"><p>Jag som driver Re:retail heter Robert Kos och har de senaste 10 \u00e5ren jobbat som aff\u00e4rsutvecklare och varum\u00e4rkesstrateg inom arkitektur, inredning och livsstil. Med mer \u00e4n trettio\u00e5rs personlig erfarenhet av handel och varum\u00e4rkesutveckling inom f\u00f6retag som Ikea, Lindex, Colorama, Kasthall m.m., baseras strategier och designl\u00f6sningar p\u00e5 v\u00e4l grundad kommersiell kompetens.<\/p>\n<p>Som strateg anv\u00e4nder jag mig av arketypisk positionering f\u00f6r strategi och planering \u00a0och har en l\u00e5ng erfarenhet av att identifiera bolags underliggande personlighetsdrag och kommersiella m\u00f6jligheter utifr\u00e5n deras varum\u00e4rkesposition.\u00a0Med en f\u00f6rst\u00e5else f\u00f6r ditt varum\u00e4rkes arketypiska position kommer strategier och beslut att komma mer naturlig och kommunikationen blir enklare b\u00e5de internt och externt.<\/p>\n<\/div><\/div><style type=\"text\/css\">.fusion-body .fusion-builder-column-1{width:50% !important;margin-top : 0px;margin-bottom : 0px;}.fusion-builder-column-1 > .fusion-column-wrapper {padding-top : 0px !important;padding-right : 0px !important;margin-right : 3.84%;padding-bottom : 0px !important;padding-left : 0px !important;margin-left : 3.84%;}@media only screen and (max-width:1024px) {.fusion-body .fusion-builder-column-1{width:100% !important;}.fusion-builder-column-1 > .fusion-column-wrapper {margin-right : 1.92%;margin-left : 1.92%;}}@media only screen and (max-width:640px) {.fusion-body .fusion-builder-column-1{width:100% !important;}.fusion-builder-column-1 > .fusion-column-wrapper {margin-right : 1.92%;margin-left : 1.92%;}}<\/style><\/div><\/div><style type=\"text\/css\">.fusion-body .fusion-flex-container.fusion-builder-row-1{ padding-top : 100px;margin-top : 0px;padding-right : 0px;padding-bottom : 100px;margin-bottom : 0px;padding-left : 0px;}<\/style><\/div><div class=\"fusion-fullwidth fullwidth-box fusion-builder-row-2 fusion-flex-container nonhundred-percent-fullwidth non-hundred-percent-height-scrolling\" style=\"background-color: rgba(255,255,255,0);background-position: left top;background-repeat: no-repeat;border-width: 0px 0px 0px 0px;border-color:#eae9e9;border-style:solid;\" ><div class=\"fusion-builder-row fusion-row fusion-flex-align-items-flex-start\" style=\"max-width:calc( 1170px + 0px );margin-left: calc(-0px \/ 2 );margin-right: calc(-0px \/ 2 );\"><div class=\"fusion-layout-column fusion_builder_column fusion-builder-column-2 fusion_builder_column_1_1 1_1 fusion-flex-column\"><div class=\"fusion-column-wrapper fusion-flex-justify-content-flex-start fusion-content-layout-column\" style=\"background-position:left top;background-repeat:no-repeat;-webkit-background-size:cover;-moz-background-size:cover;-o-background-size:cover;background-size:cover;padding: 0px 0px 0px 0px;\"><div class=\"fusion-text fusion-text-2\"><p style=\"text-align: center;\">Re:retail AB\u00a0Org.nr: 556837-4960\u00a0Banaliden 1 436 45 Askim\u00a0robert.kos(a)reretail.se +46 76 169 42 93<\/p>\n<\/div><\/div><style type=\"text\/css\">.fusion-body .fusion-builder-column-2{width:100% !important;margin-top : 0px;margin-bottom : 0px;}.fusion-builder-column-2 > .fusion-column-wrapper {padding-top : 0px !important;padding-right : 0px !important;margin-right : 0px;padding-bottom : 0px !important;padding-left : 0px !important;margin-left : 0px;}@media only screen and (max-width:1024px) {.fusion-body .fusion-builder-column-2{width:100% !important;}.fusion-builder-column-2 > .fusion-column-wrapper {margin-right : 0px;margin-left : 0px;}}@media only screen and (max-width:640px) {.fusion-body .fusion-builder-column-2{width:100% !important;}.fusion-builder-column-2 > .fusion-column-wrapper {margin-right : 0px;margin-left : 0px;}}<\/style><\/div><\/div><style type=\"text\/css\">.fusion-body .fusion-flex-container.fusion-builder-row-2{ padding-top : 0px;margin-top : 0px;padding-right : 0px;padding-bottom : 100px;margin-bottom : 0px;padding-left : 0px;}<\/style><\/div><\/p>\n","protected":false},"excerpt":{"rendered":"","protected":false},"author":3,"featured_media":0,"parent":0,"menu_order":0,"comment_status":"closed","ping_status":"closed","template":"100-width.php","meta":[],"_links":{"self":[{"href":"http:\/\/www.reretail.se\/index.php?rest_route=\/wp\/v2\/pages\/1084"}],"collection":[{"href":"http:\/\/www.reretail.se\/index.php?rest_route=\/wp\/v2\/pages"}],"about":[{"href":"http:\/\/www.reretail.se\/index.php?rest_route=\/wp\/v2\/types\/page"}],"author":[{"embeddable":true,"href":"http:\/\/www.reretail.se\/index.php?rest_route=\/wp\/v2\/users\/3"}],"replies":[{"embeddable":true,"href":"http:\/\/www.reretail.se\/index.php?rest_route=%2Fwp%2Fv2%2Fcomments&post=1084"}],"version-history":[{"count":51,"href":"http:\/\/www.reretail.se\/index.php?rest_route=\/wp\/v2\/pages\/1084\/revisions"}],"predecessor-version":[{"id":1529,"href":"http:\/\/www.reretail.se\/index.php?rest_route=\/wp\/v2\/pages\/1084\/revisions\/1529"}],"wp:attachment":[{"href":"http:\/\/www.reretail.se\/index.php?rest_route=%2Fwp%2Fv2%2Fmedia&parent=1084"}],"curies":[{"name":"wp","href":"https:\/\/api.w.org\/{rel}","templated":true}]}}